{"id":5472,"date":"2023-03-31T09:18:01","date_gmt":"2023-03-31T07:18:01","guid":{"rendered":"https:\/\/aboutblankworld.com\/legal-notice\/"},"modified":"2025-05-14T14:03:36","modified_gmt":"2025-05-14T12:03:36","slug":"legal-notice","status":"publish","type":"page","link":"https:\/\/aboutblankworld.com\/en\/legal-notice\/","title":{"rendered":"Legal notice"},"content":{"rendered":"\t\t<div data-elementor-type=\"wp-page\" data-elementor-id=\"5472\" class=\"elementor elementor-5472 elementor-289\" data-elementor-post-type=\"page\">\n\t\t\t\t<div class=\"elementor-element elementor-element-9cfd242 e-flex e-con-boxed e-con e-parent\" data-id=\"9cfd242\" data-element_type=\"container\" data-settings=\"{&quot;jet_parallax_layout_list&quot;:[]}\">\n\t\t\t\t\t<div class=\"e-con-inner\">\n\t\t\t\t<div class=\"elementor-element elementor-element-43c73e5 elementor-widget elementor-widget-heading\" data-id=\"43c73e5\" data-element_type=\"widget\" data-widget_type=\"heading.default\">\n\t\t\t\t<div class=\"elementor-widget-container\">\n\t\t\t\t\t<h1 class=\"elementor-heading-title elementor-size-default\">Legal notice<\/h1>\t\t\t\t<\/div>\n\t\t\t\t<\/div>\n\t\t\t\t<div class=\"elementor-element elementor-element-2b391b3 bloque-contenido elementor-widget elementor-widget-text-editor\" data-id=\"2b391b3\" data-element_type=\"widget\" data-widget_type=\"text-editor.default\">\n\t\t\t\t<div class=\"elementor-widget-container\">\n\t\t\t\t\t\t\t\t\t<div class=\"row\"><div class=\"col col-xl-10 mx-auto\"><div class=\"paper\"><header class=\"text-center\"><h4><span class=\"blanc-space ng-binding\">www.aboutblankworld.com<\/span><\/h4><\/header><div><h3>I. GENERAL INFORMATION<\/h3><p>In compliance with the obligation to provide information as stipulated in Law 34\/2002 on Information Society Services and Electronic Commerce (LSSI-CE) of 11 July, the following general information on this website is provided below:<\/p><p class=\"ng-hide\">The ownership of this website, <span class=\"blanc-space ng-binding\">www.aboutblankworld.com<\/span>, (hereinafter Website) is held by: , with NIF: , and whose contact details are<\/p><p class=\"\">The ownership of this website, <span class=\"blanc-space ng-binding\">www.aboutblankworld.com<\/span>, (hereinafter Website) is held by: <span class=\"blanc-space ng-binding\">About Blank Maison Object Decor SL<\/span>, provided with NIF: <span class=\"blanc-space ng-binding\">B69716296<\/span> and registered in: <span class=\"blanc-space ng-binding\">Mercantile Register of Murcia<\/span> with the following registration details: <span class=\"blanc-space ng-binding\">Volume 3567, Book 0, Folio 167m, Page MU-107461<\/span>, whose representative is: <span class=\"blanc-space ng-binding\">Vicente S\u00e1nchez Mart\u00e1nez \/ Mariano Moreno Saez<\/span>, and whose contact details are:<\/p><p>Address: <span class=\"blanc-space ng-binding\">Camino de la Silla, 207 &#8211; 30835 Sangonera La Seca (autovia A7 Salida 581)<\/span><\/p><p>Contact telephone number: <span class=\"blanc-space ng-binding\">607256798<\/span><\/p><p>Contact email: <span class=\"blanc-space ng-binding\">administracion@aboutblankworld.com<\/span><\/p><h3>II. GENERAL TERMS AND CONDITIONS OF USE <\/h3><h4>The subject matter of the terms and conditions: The Website<\/h4><p>The purpose of these General Conditions of Use (hereinafter, Conditions) is to regulate access to and use of the Website. For the purposes of these Terms and Conditions, the Website shall be understood to mean: the external appearance of the screen interfaces, both static and dynamic, i.e. the navigation tree; and all the elements integrated both in the screen interfaces and in the navigation tree (hereinafter, Content) and all those online services or resources that may be offered to Users (hereinafter, Services). <\/p><p><span class=\"blanc-space ng-binding\">ABOUT BLANK<\/span> reserves the right to modify, at any time and without previous notice, the presentation and configuration of the Website and the Contents and Services that may be included in it. The User acknowledges and accepts that <span class=\"blanc-space ng-binding\">ABOUT BLANK<\/span> may interrupt, deactivate and\/or cancel any of these elements included in the Website or the access to them at any time. <\/p><p>Access to the Website by the User is free and, as a general rule, is free of charge, without the User having to provide any consideration in order to enjoy it, except for the cost of connection through the telecommunications network supplied by the access provider contracted by the User.<\/p><p class=\"ng-hide\">Apart from the cost of connection through the telecommunications network supplied by the access provider, and contracted by the User, some of the Contents or Services offered by <span class=\"blanc-space ng-binding\">ABOUT BLANK<\/span> or, in its case, third parties through the Website may be subject to the previous contracting of the Content or Service, in which case it will be clearly specified and\/or the corresponding General or Particular Conditions will be made available to the User.<\/p><p>The use of any of the Contents or Services of the Website may be made by prior subscription or registration of the User.<\/p><p class=\"ng-hide\">The use of the Content does not require any prior subscription or registration.<\/p><h4>The User<\/h4><p>The access, navigation and use of the Website, <span class=\"ng-hide\">as well as the spaces enabled to interact between the Users, and the User and <span class=\"blanc-space ng-binding\">ABOUT BLANK<\/span>, such as the comments and\/or blogging spaces<\/span> confers the condition of User, so the User accepts, from the beginning of the navigation through the Website, all the Conditions established here, as well as its subsequent modifications, without prejudice to the application of the corresponding legal regulations of compulsory compliance as the case may be. Given the relevance of the above, the User is recommended to read them every time he\/she visits the Website. <\/p><p><span class=\"blanc-space ng-binding\">ABOUT BLANK<\/span> Website provides a wide range of information, services and data. The User assumes responsibility for the correct use of the Website. This responsibility will be extended to:  <\/p><ul><li>A use of the information, Contents and\/or Services and data offered by <span class=\"blanc-space ng-binding\">ABOUT BLANK<\/span> without being contrary to the present Conditions, the Law, the moral or the public order, or that in any other way could suppose a damage to the rights of third parties or to the same functioning of the Web Site.<\/li><li>The veracity and legality of the information provided by the User in the forms extended by <span class=\"blanc-space ng-binding\">ABOUT BLANK<\/span> for the access to certain Contents or Services offered by the Website. In any case, the User will immediately notify <span class=\"blanc-space ng-binding\">ABOUT BLANK<\/span> about any fact that allows the improper use of the information registered in those forms, such as, but not only, the theft, loss, or unauthorized access to identifiers and\/or passwords, in order to proceed to their immediate cancellation. <\/li><\/ul><p class=\"ng-hide\"><span class=\"blanc-space ng-binding\">ABOUT BLANK<\/span> reserves the right to remove all those comments and contributions that violate the law, the respect to the dignity of the person, that are discriminatory, xenophobic, racist, pornographic, spamming, that attempt against the youth or the childhood, the order or the public safety or that, in its opinion, were not suitable for its publication.<\/p><p class=\"ng-hide\">n any case, <span class=\"blanc-space ng-binding\">ABOUT BLANK<\/span> no ser\u00e1 responsable de las opiniones vertidas por los Usuarios a trav\u00e9s de comentarios u otras herramientas de blogging o de participaci\u00f3n que pueda haber.<\/p><p>The mere access to this Website does not imply any kind of commercial relationship between <span class=\"blanc-space ng-binding\">ABOUT BLANK<\/span> and the User.<\/p><p>The User declares to be of legal age and to have sufficient legal capacity to be bound by these Terms and Conditions. Therefore, this <span class=\"blanc-space ng-binding\">ABOUT BLANK<\/span> Website is not addressed to minors. <span class=\"blanc-space ng-binding\">ABOUT BLANK<\/span> declines any responsibility for the non-fulfilment of this requirement. <\/p><p class=\"ng-hide\">In compliance with the legislation in force, this <span class=\"blanc-space ng-binding\">ABOUT BLANK<\/span> Website is addressed to all persons, regardless of their age, who may access and\/or browse the pages of the Website.<\/p><p>The Website is mainly addressed to Users residing in <span class=\"blanc-space ng-binding\">Espa\u00f1a<\/span>. <span class=\"blanc-space ng-binding\">ABOUT BLANK<\/span> does not ensure that the Website complies with the legislation of other countries, either totally or partially. If the User resides or is domiciled in another place and decides to access and\/or browse the Website, he\/she shall do so under his\/her own responsibility, and shall ensure that such access and browsing complies with the local legislation applicable to him\/her, and <span class=\"blanc-space ng-binding\">ABOUT BLANK<\/span> shall not assume any liability whatsoever arising from such access. <\/p><h3>III. ACCESS AND NAVIGATION ON THE WEBSITE: EXCLUSION OF WARRANTIES AND LIABILITY <\/h3><p><span class=\"blanc-space ng-binding\">ABOUT BLANK<\/span> does not guarantee the continuity, availability and usefulness of the Website, nor of the Contents or Services. <span class=\"blanc-space ng-binding\">ABOUT BLANK<\/span> will do its best to ensure the proper functioning of the Website, however, it is not responsible for and does not guarantee that access to this Website will be uninterrupted or error free.<\/p><p>ABOUT BLANK is not responsible for or guarantees that the content or software that can be accessed through this Website, is free of error or causes damage to the User&#8217;s computer system (software and hardware). In no case <span class=\"blanc-space ng-binding\">ABOUT BLANK<\/span> will be responsible for losses, damages or prejudices of any kind arising from the access, navigation and use of the Website, including, but not limited to, those caused to the computer systems or those provoked by the introduction of viruses. <\/p><p><span class=\"blanc-space ng-binding\">ABOUT BLANK<\/span> is not responsible either for any damage that may be caused to users due to an inadequate use of this Website. In particular, ABOUT BLANK is not responsible in any way for any failure, interruption, lack or defect in telecommunications that may occur. <\/p><h3>IV. LINKING POLICY <\/h3><p>It is informed that <span class=\"blanc-space ng-binding\">ABOUT BLANK<\/span> Web Site places or may place at the disposal of the Users means of link (such as, among others, links, banners, buttons), directories and search engines that allow the Users to access web sites belonging to and\/or managed by third parties.<\/p><p>The installation of these links, directories and search engines on the Website is intended to make it easier for Users to search for and access information available on the Internet, and may not be considered a suggestion, recommendation or invitation to visit them.<\/p><p class=\"\"><span class=\"blanc-space ng-binding\">ABOUT BLANK<\/span> does not offer or market by itself or through third parties the products and\/or services available in such linked sites.<\/p><p class=\"ng-hide\"><span class=\"blanc-space ng-binding\">ABOUT BLANK<\/span> offers sponsored contents, advertisements and\/or affiliate links. The information appearing in these affiliate links or the advertisements inserted are provided by the advertisers themselves, and <span class=\"blanc-space ng-binding\">ABOUT BLANK<\/span> is not responsible for any inaccuracies or errors in the advertisements, nor does it guarantee in any way the experience, integrity or responsibility of the advertisers or the quality of their products and\/or services. <\/p><p>Nor does it guarantee the technical availability, accuracy, veracity, validity or legality of sites outside its property that can be accessed through the links.<\/p><p><span class=\"blanc-space ng-binding\">ABOUT BLANK<\/span> will in no case review or control the content of other websites, nor does it approve, examine or make its own the products and services, contents, files and any other material existing in those linked websites.<\/p><p><span class=\"blanc-space ng-binding\">ABOUT BLANK<\/span> does not assume any responsibility for the damages that could be caused by the access, use, quality or legality of the contents, communications, opinions, products and services of the websites not managed by <span class=\"blanc-space ng-binding\">ABOUT BLANK<\/span> and which are linked in this Website.<\/p><p>The User or third party who makes a hyperlink from a web page of another, different, website to <span class=\"blanc-space ng-binding\">ABOUT BLANK<\/span> Website must know that:<\/p><p>No se permite la reproducci\u00f3n \u2014total o parcialmente\u2014 de ninguno de los Contenidos y\/o Servicios del Sitio Web sin autorizaci\u00f3n expresa de <span class=\"blanc-space ng-binding\">ABOUT BLANK<\/span>.<\/p><p>No false, inaccurate or incorrect statement about <span class=\"blanc-space ng-binding\">ABOUT BLANK<\/span> Website, nor about its Contents and\/or Services is allowed.<\/p><p>Except for the hyperlink, the web site where the hyperlink is established will not contain any element of this Web Site, protected as intellectual property by the Spanish legal system, unless expressly authorized by <span class=\"blanc-space ng-binding\">ABOUT BLANK<\/span>.<\/p><p>The establishment of the hyperlink does not imply the existence of a relationship between <span class=\"blanc-space ng-binding\">ABOUT BLANK<\/span> and the owner of the website from which it is made, nor the knowledge and acceptance of <span class=\"blanc-space ng-binding\">ABOUT BLANK<\/span> of the contents, services and\/or activities offered in the aforementioned website, and vice versa.<\/p><h3>V. INTELLECTUAL AND INDUSTRIAL PROPERTY<\/h3><p><span class=\"blanc-space ng-binding\">ABOUT BLANK<\/span> por s\u00ed o como parte cesionaria, es titular de todos los derechos de propiedad intelectual e industrial del Sitio Web, as\u00ed como de los elementos contenidos en el mismo (a t\u00edtulo enunciativo y no exhaustivo, im\u00e1genes, sonido, audio, v\u00eddeo, software o textos, marcas o logotipos, combinaciones de colores, estructura y dise\u00f1o, selecci\u00f3n de materiales usados, programas de ordenador necesarios para su funcionamiento, acceso y uso, etc.). Ser\u00e1n, por consiguiente, obras protegidas como propiedad intelectual por el ordenamiento jur\u00eddico espa\u00f1ol, si\u00e9ndoles aplicables tanto la normativa espa\u00f1ola y comunitaria en este campo, como los tratados internacionales relativos a la materia y suscritos por Espa\u00f1a. <\/p><p>All rights reserved. By virtue of the provisions of the Intellectual Property Law, the reproduction, distribution and public communication, including its modality of making available, of all or part of the contents of this web page, for commercial purposes, in any support and by any technical means, without the authorization of <span class=\"blanc-space ng-binding\">ABOUT BLANK<\/span>, are expressly forbidden. <\/p><p>The User undertakes to respect the intellectual and industrial property rights of <span class=\"blanc-space ng-binding\">ABOUT BLANK<\/span>. The User will be able to visualize the elements of the Website or even print them, copy them and store them in the hard disk of his computer or in any other physical support as long as it is exclusively for his personal use. The User, however, will not be able to suppress, alter or manipulate any protection device or security system installed in the Website.  <\/p><p>In case the User or third party considers that any of the Contents of the Website implies a violation of the rights of protection of the intellectual property, he\/she should immediately inform <span class=\"blanc-space ng-binding\">ABOUT BLANK<\/span> through the contact details in the GENERAL INFORMATION section of this Legal Notice and General Conditions of Use.<\/p><h3>VI. LEGAL ACTIONS, APPLICABLE LAW AND JURISDICTION <\/h3><p><span class=\"blanc-space ng-binding\">ABOUT BLANK<\/span> reserves the right to file the civil or penal actions that it considers necessary for the improper use of the Website and its Contents, or for the breach of the present Conditions.<\/p><p>The relationship between the User and <span class=\"blanc-space ng-binding\">ABOUT BLANK<\/span> will be governed by the regulations in force and applicable in the Spanish territory. If any controversy arises in relation to the interpretation and\/or application of these Terms and Conditions, the parties will submit their conflicts to the ordinary jurisdiction, submitting themselves to the judges and courts that correspond according to law. <\/p><\/div><\/div><\/div><\/div>\t\t\t\t\t\t\t\t<\/div>\n\t\t\t\t<\/div>\n\t\t\t\t\t<\/div>\n\t\t\t\t<\/div>\n\t\t\t\t<\/div>\n\t\t","protected":false},"excerpt":{"rendered":"<p>www.aboutblankworld.com I. GENERAL INFORMATION In compliance with the obligation to provide information as stipulated in Law 34\/2002 on Information Society Services and Electronic Commerce (LSSI-CE) of 11 July, the following general information on this website is provided below: The ownership of this website, www.aboutblankworld.com, (hereinafter Website) is held by: , with NIF: , and whose [&hellip;]<\/p>\n","protected":false},"author":1,"featured_media":0,"parent":0,"menu_order":0,"comment_status":"closed","ping_status":"closed","template":"","meta":{"footnotes":""},"class_list":["post-5472","page","type-page","status-publish","hentry"],"yoast_head":"<!-- This site is optimized with the Yoast SEO Premium plugin v25.0 (Yoast SEO v25.0) - https:\/\/yoast.com\/wordpress\/plugins\/seo\/ -->\n<title>Legal notice | ABOUT BLANK<\/title>\n<meta name=\"robots\" content=\"noindex, follow\" \/>\n<meta property=\"og:locale\" content=\"en_US\" \/>\n<meta property=\"og:type\" content=\"article\" \/>\n<meta property=\"og:title\" content=\"Legal notice\" \/>\n<meta property=\"og:description\" content=\"www.aboutblankworld.com I. GENERAL INFORMATION In compliance with the obligation to provide information as stipulated in Law 34\/2002 on Information Society Services and Electronic Commerce (LSSI-CE) of 11 July, the following general information on this website is provided below: The ownership of this website, www.aboutblankworld.com, (hereinafter Website) is held by: , with NIF: , and whose [&hellip;]\" \/>\n<meta property=\"og:url\" content=\"https:\/\/aboutblankworld.com\/en\/legal-notice\/\" \/>\n<meta property=\"og:site_name\" content=\"ABOUT BLANK\" \/>\n<meta property=\"article:modified_time\" content=\"2025-05-14T12:03:36+00:00\" \/>\n<meta name=\"twitter:card\" content=\"summary_large_image\" \/>\n<script type=\"application\/ld+json\" class=\"yoast-schema-graph\">{\"@context\":\"https:\/\/schema.org\",\"@graph\":[{\"@type\":\"WebPage\",\"@id\":\"https:\/\/aboutblankworld.com\/en\/legal-notice\/\",\"url\":\"https:\/\/aboutblankworld.com\/en\/legal-notice\/\",\"name\":\"Legal notice | ABOUT BLANK\",\"isPartOf\":{\"@id\":\"https:\/\/aboutblankworld.com\/en\/#website\"},\"datePublished\":\"2023-03-31T07:18:01+00:00\",\"dateModified\":\"2025-05-14T12:03:36+00:00\",\"breadcrumb\":{\"@id\":\"https:\/\/aboutblankworld.com\/en\/legal-notice\/#breadcrumb\"},\"inLanguage\":\"en-US\",\"potentialAction\":[{\"@type\":\"ReadAction\",\"target\":[\"https:\/\/aboutblankworld.com\/en\/legal-notice\/\"]}]},{\"@type\":\"BreadcrumbList\",\"@id\":\"https:\/\/aboutblankworld.com\/en\/legal-notice\/#breadcrumb\",\"itemListElement\":[{\"@type\":\"ListItem\",\"position\":1,\"name\":\"Inicio\",\"item\":\"https:\/\/aboutblankworld.com\/en\/\"},{\"@type\":\"ListItem\",\"position\":2,\"name\":\"Legal notice\"}]},{\"@type\":\"WebSite\",\"@id\":\"https:\/\/aboutblankworld.com\/en\/#website\",\"url\":\"https:\/\/aboutblankworld.com\/en\/\",\"name\":\"ABOUT BLANK\",\"description\":\"Piedra Natural\",\"publisher\":{\"@id\":\"https:\/\/aboutblankworld.com\/en\/#organization\"},\"potentialAction\":[{\"@type\":\"SearchAction\",\"target\":{\"@type\":\"EntryPoint\",\"urlTemplate\":\"https:\/\/aboutblankworld.com\/en\/?s={search_term_string}\"},\"query-input\":{\"@type\":\"PropertyValueSpecification\",\"valueRequired\":true,\"valueName\":\"search_term_string\"}}],\"inLanguage\":\"en-US\"},{\"@type\":\"Organization\",\"@id\":\"https:\/\/aboutblankworld.com\/en\/#organization\",\"name\":\"ABOUT BLANK\",\"url\":\"https:\/\/aboutblankworld.com\/en\/\",\"logo\":{\"@type\":\"ImageObject\",\"inLanguage\":\"en-US\",\"@id\":\"https:\/\/aboutblankworld.com\/en\/#\/schema\/logo\/image\/\",\"url\":\"https:\/\/aboutblankworld.com\/wp-content\/uploads\/2024\/02\/Logo-negro-e1730705187963.png\",\"contentUrl\":\"https:\/\/aboutblankworld.com\/wp-content\/uploads\/2024\/02\/Logo-negro-e1730705187963.png\",\"width\":1357,\"height\":605,\"caption\":\"ABOUT BLANK\"},\"image\":{\"@id\":\"https:\/\/aboutblankworld.com\/en\/#\/schema\/logo\/image\/\"}}]}<\/script>\n<!-- \/ Yoast SEO Premium plugin. -->","yoast_head_json":{"title":"Legal notice | ABOUT BLANK","robots":{"index":"noindex","follow":"follow"},"og_locale":"en_US","og_type":"article","og_title":"Legal notice","og_description":"www.aboutblankworld.com I. GENERAL INFORMATION In compliance with the obligation to provide information as stipulated in Law 34\/2002 on Information Society Services and Electronic Commerce (LSSI-CE) of 11 July, the following general information on this website is provided below: The ownership of this website, www.aboutblankworld.com, (hereinafter Website) is held by: , with NIF: , and whose [&hellip;]","og_url":"https:\/\/aboutblankworld.com\/en\/legal-notice\/","og_site_name":"ABOUT BLANK","article_modified_time":"2025-05-14T12:03:36+00:00","twitter_card":"summary_large_image","schema":{"@context":"https:\/\/schema.org","@graph":[{"@type":"WebPage","@id":"https:\/\/aboutblankworld.com\/en\/legal-notice\/","url":"https:\/\/aboutblankworld.com\/en\/legal-notice\/","name":"Legal notice | ABOUT BLANK","isPartOf":{"@id":"https:\/\/aboutblankworld.com\/en\/#website"},"datePublished":"2023-03-31T07:18:01+00:00","dateModified":"2025-05-14T12:03:36+00:00","breadcrumb":{"@id":"https:\/\/aboutblankworld.com\/en\/legal-notice\/#breadcrumb"},"inLanguage":"en-US","potentialAction":[{"@type":"ReadAction","target":["https:\/\/aboutblankworld.com\/en\/legal-notice\/"]}]},{"@type":"BreadcrumbList","@id":"https:\/\/aboutblankworld.com\/en\/legal-notice\/#breadcrumb","itemListElement":[{"@type":"ListItem","position":1,"name":"Inicio","item":"https:\/\/aboutblankworld.com\/en\/"},{"@type":"ListItem","position":2,"name":"Legal notice"}]},{"@type":"WebSite","@id":"https:\/\/aboutblankworld.com\/en\/#website","url":"https:\/\/aboutblankworld.com\/en\/","name":"ABOUT BLANK","description":"Piedra Natural","publisher":{"@id":"https:\/\/aboutblankworld.com\/en\/#organization"},"potentialAction":[{"@type":"SearchAction","target":{"@type":"EntryPoint","urlTemplate":"https:\/\/aboutblankworld.com\/en\/?s={search_term_string}"},"query-input":{"@type":"PropertyValueSpecification","valueRequired":true,"valueName":"search_term_string"}}],"inLanguage":"en-US"},{"@type":"Organization","@id":"https:\/\/aboutblankworld.com\/en\/#organization","name":"ABOUT BLANK","url":"https:\/\/aboutblankworld.com\/en\/","logo":{"@type":"ImageObject","inLanguage":"en-US","@id":"https:\/\/aboutblankworld.com\/en\/#\/schema\/logo\/image\/","url":"https:\/\/aboutblankworld.com\/wp-content\/uploads\/2024\/02\/Logo-negro-e1730705187963.png","contentUrl":"https:\/\/aboutblankworld.com\/wp-content\/uploads\/2024\/02\/Logo-negro-e1730705187963.png","width":1357,"height":605,"caption":"ABOUT BLANK"},"image":{"@id":"https:\/\/aboutblankworld.com\/en\/#\/schema\/logo\/image\/"}}]}},"_links":{"self":[{"href":"https:\/\/aboutblankworld.com\/en\/wp-json\/wp\/v2\/pages\/5472","targetHints":{"allow":["GET"]}}],"collection":[{"href":"https:\/\/aboutblankworld.com\/en\/wp-json\/wp\/v2\/pages"}],"about":[{"href":"https:\/\/aboutblankworld.com\/en\/wp-json\/wp\/v2\/types\/page"}],"author":[{"embeddable":true,"href":"https:\/\/aboutblankworld.com\/en\/wp-json\/wp\/v2\/users\/1"}],"replies":[{"embeddable":true,"href":"https:\/\/aboutblankworld.com\/en\/wp-json\/wp\/v2\/comments?post=5472"}],"version-history":[{"count":2,"href":"https:\/\/aboutblankworld.com\/en\/wp-json\/wp\/v2\/pages\/5472\/revisions"}],"predecessor-version":[{"id":5493,"href":"https:\/\/aboutblankworld.com\/en\/wp-json\/wp\/v2\/pages\/5472\/revisions\/5493"}],"wp:attachment":[{"href":"https:\/\/aboutblankworld.com\/en\/wp-json\/wp\/v2\/media?parent=5472"}],"curies":[{"name":"wp","href":"https:\/\/api.w.org\/{rel}","templated":true}]}}